{"id":12,"date":"2017-03-27T09:22:16","date_gmt":"2017-03-27T07:22:16","guid":{"rendered":"http:\/\/www.hoeller.bz\/energie\/?page_id=12"},"modified":"2019-02-18T07:25:43","modified_gmt":"2019-02-18T06:25:43","slug":"home","status":"publish","type":"page","link":"https:\/\/www.hoeller.bz\/energie\/de\/home\/","title":{"rendered":"Home"},"content":{"rendered":"<div class=\"fusion-fullwidth fullwidth-box fusion-builder-row-1 nonhundred-percent-fullwidth non-hundred-percent-height-scrolling\" style=\"--awb-border-radius-top-left:0px;--awb-border-radius-top-right:0px;--awb-border-radius-bottom-right:0px;--awb-border-radius-bottom-left:0px;--awb-padding-top:20px;--awb-padding-right:20px;--awb-padding-bottom:20px;--awb-padding-left:20px;--awb-background-color:#ffffff;--awb-flex-wrap:wrap;\" ><div class=\"fusion-builder-row fusion-row\"><div class=\"fusion-layout-column fusion_builder_column fusion-builder-column-0 fusion_builder_column_1_1 1_1 fusion-one-full fusion-column-first fusion-column-last\" style=\"--awb-bg-size:cover;\"><div class=\"fusion-column-wrapper fusion-flex-column-wrapper-legacy\"><div class=\"fusion-sep-clear\"><\/div><div class=\"fusion-separator fusion-has-icon fusion-full-width-sep\" style=\"margin-left: auto;margin-right: auto;margin-bottom:20px;width:100%;\"><div class=\"fusion-separator-border sep-single sep-solid\" style=\"--awb-height:20px;--awb-amount:20px;border-color:#e0dede;border-top-width:1px;\"><\/div><span class=\"icon-wrapper\" style=\"border-color:#e0dede;background-color:rgba(255,255,255,0);font-size:13px;width: 1.75em; height: 1.75em;border-width:1px;padding:1px;margin-top:-0.5px\"><i class=\" fa fa-chevron-down\" style=\"font-size: inherit;color:#e0dede;\" aria-hidden=\"true\"><\/i><\/span><div class=\"fusion-separator-border sep-single sep-solid\" style=\"--awb-height:20px;--awb-amount:20px;border-color:#e0dede;border-top-width:1px;\"><\/div><\/div><div class=\"fusion-sep-clear\"><\/div><div class=\"fusion-text fusion-text-1\"><blockquote>\n<h1><span style=\"color: #000000;\">Ihr Elektrotechniker<\/span><\/h1>\n<\/blockquote>\n<p><span style=\"color: #000000;\">Wenn es um Energie geht, sind wir der richtige Ansprechpartner. Ob Sie z.B. eine kleine Elektroinstallation planen oder einen Profi f\u00fcr Komplettinstallationen oder Photovoltaikanlagen\u00a0suchen \u2013 wir stehen Ihnen mit Rat und Tat zur Seite.<\/span><\/p>\n<p><span style=\"color: #000000;\">Um den Anforderungen unserer Kunden entsprechen zu k\u00f6nnen, legen wir gro\u00dfen Wert auf qualifizierte Mitarbeiter. Daher geh\u00f6ren Fort- und Weiterbildungskurse sowie der Besuch von Energie-Messen zur Politik unseres Unternehmens. Dadurch sind wir immer auf dem neuesten Stand und k\u00f6nnen unsere Kunden auf die bestm\u00f6glichste Weise beraten.<\/span><\/p>\n<p align=\"left\"><span style=\"color: #000000;\">Wir bieten Ihnen folgende Leistungen an:<\/span><\/p>\n<ul>\n<li><span style=\"color: #000000;\"><strong>Elektroinstallationen<\/strong><\/span><\/li>\n<li><span style=\"color: #000000;\"><strong>Lichtkonzepte<\/strong><\/span><\/li>\n<li><span style=\"color: #000000;\"><strong>Photovoltaik<\/strong><\/span><\/li>\n<li><span style=\"color: #000000;\"><strong>Steuerungsanlagen<\/strong><\/span>\n<p align=\"left\"><span style=\"color: #000000;\"><strong>\u00a0<\/strong><\/span><\/p>\n<\/li>\n<\/ul>\n<h3><\/h3>\n<\/div><div class=\"fusion-clearfix\"><\/div><\/div><\/div><\/div><\/div>\n","protected":false},"excerpt":{"rendered":"","protected":false},"author":1,"featured_media":0,"parent":0,"menu_order":0,"comment_status":"closed","ping_status":"closed","template":"","meta":{"footnotes":""},"class_list":["post-12","page","type-page","status-publish","hentry"],"yoast_head":"<!-- This site is optimized with the Yoast SEO plugin v23.4 - https:\/\/yoast.com\/wordpress\/plugins\/seo\/ -->\n<title>Elektrotechniker Hoeller Bartholomaeus, Energietechnik<\/title>\n<meta name=\"description\" content=\"Elektrotechniker Hoeller Bartholomaeus Klausen BZ, wenn es um Energie geht. Elektroinstallationen, Photovoltaikanlagen\" \/>\n<meta name=\"robots\" content=\"index, follow, max-snippet:-1, max-image-preview:large, max-video-preview:-1\" \/>\n<link rel=\"canonical\" href=\"https:\/\/www.hoeller.bz\/energie\/de\/home\/\" \/>\n<meta property=\"og:locale\" content=\"de_DE\" \/>\n<meta property=\"og:type\" content=\"article\" \/>\n<meta property=\"og:title\" content=\"Elektrotechniker Hoeller Bartholomaeus, Energietechnik\" \/>\n<meta property=\"og:description\" content=\"Elektrotechniker Hoeller Bartholomaeus Klausen BZ, wenn es um Energie geht. Elektroinstallationen, Photovoltaikanlagen\" \/>\n<meta property=\"og:url\" content=\"https:\/\/www.hoeller.bz\/energie\/de\/home\/\" \/>\n<meta property=\"og:site_name\" content=\"Hoeller Bartholomaeus\" \/>\n<meta property=\"article:modified_time\" content=\"2019-02-18T06:25:43+00:00\" \/>\n<meta name=\"twitter:card\" content=\"summary_large_image\" \/>\n<meta name=\"twitter:label1\" content=\"Gesch\u00e4tzte Lesezeit\" \/>\n\t<meta name=\"twitter:data1\" content=\"1\u00a0Minute\" \/>\n<script type=\"application\/ld+json\" class=\"yoast-schema-graph\">{\"@context\":\"https:\/\/schema.org\",\"@graph\":[{\"@type\":\"WebPage\",\"@id\":\"https:\/\/www.hoeller.bz\/energie\/de\/home\/\",\"url\":\"https:\/\/www.hoeller.bz\/energie\/de\/home\/\",\"name\":\"Elektrotechniker Hoeller Bartholomaeus, Energietechnik\",\"isPartOf\":{\"@id\":\"https:\/\/www.hoeller.bz\/energie\/#website\"},\"datePublished\":\"2017-03-27T07:22:16+00:00\",\"dateModified\":\"2019-02-18T06:25:43+00:00\",\"description\":\"Elektrotechniker Hoeller Bartholomaeus Klausen BZ, wenn es um Energie geht. Elektroinstallationen, Photovoltaikanlagen\",\"breadcrumb\":{\"@id\":\"https:\/\/www.hoeller.bz\/energie\/de\/home\/#breadcrumb\"},\"inLanguage\":\"de\",\"potentialAction\":[{\"@type\":\"ReadAction\",\"target\":[\"https:\/\/www.hoeller.bz\/energie\/de\/home\/\"]}]},{\"@type\":\"BreadcrumbList\",\"@id\":\"https:\/\/www.hoeller.bz\/energie\/de\/home\/#breadcrumb\",\"itemListElement\":[{\"@type\":\"ListItem\",\"position\":1,\"name\":\"Startseite\",\"item\":\"https:\/\/www.hoeller.bz\/energie\/de\/home\/\"},{\"@type\":\"ListItem\",\"position\":2,\"name\":\"Home\"}]},{\"@type\":\"WebSite\",\"@id\":\"https:\/\/www.hoeller.bz\/energie\/#website\",\"url\":\"https:\/\/www.hoeller.bz\/energie\/\",\"name\":\"Hoeller Bartholomaeus\",\"description\":\"Elektriker \/ Energie\",\"potentialAction\":[{\"@type\":\"SearchAction\",\"target\":{\"@type\":\"EntryPoint\",\"urlTemplate\":\"https:\/\/www.hoeller.bz\/energie\/?s={search_term_string}\"},\"query-input\":{\"@type\":\"PropertyValueSpecification\",\"valueRequired\":true,\"valueName\":\"search_term_string\"}}],\"inLanguage\":\"de\"}]}<\/script>\n<!-- \/ Yoast SEO plugin. -->","yoast_head_json":{"title":"Elektrotechniker Hoeller Bartholomaeus, Energietechnik","description":"Elektrotechniker Hoeller Bartholomaeus Klausen BZ, wenn es um Energie geht. Elektroinstallationen, Photovoltaikanlagen","robots":{"index":"index","follow":"follow","max-snippet":"max-snippet:-1","max-image-preview":"max-image-preview:large","max-video-preview":"max-video-preview:-1"},"canonical":"https:\/\/www.hoeller.bz\/energie\/de\/home\/","og_locale":"de_DE","og_type":"article","og_title":"Elektrotechniker Hoeller Bartholomaeus, Energietechnik","og_description":"Elektrotechniker Hoeller Bartholomaeus Klausen BZ, wenn es um Energie geht. Elektroinstallationen, Photovoltaikanlagen","og_url":"https:\/\/www.hoeller.bz\/energie\/de\/home\/","og_site_name":"Hoeller Bartholomaeus","article_modified_time":"2019-02-18T06:25:43+00:00","twitter_card":"summary_large_image","twitter_misc":{"Gesch\u00e4tzte Lesezeit":"1\u00a0Minute"},"schema":{"@context":"https:\/\/schema.org","@graph":[{"@type":"WebPage","@id":"https:\/\/www.hoeller.bz\/energie\/de\/home\/","url":"https:\/\/www.hoeller.bz\/energie\/de\/home\/","name":"Elektrotechniker Hoeller Bartholomaeus, Energietechnik","isPartOf":{"@id":"https:\/\/www.hoeller.bz\/energie\/#website"},"datePublished":"2017-03-27T07:22:16+00:00","dateModified":"2019-02-18T06:25:43+00:00","description":"Elektrotechniker Hoeller Bartholomaeus Klausen BZ, wenn es um Energie geht. Elektroinstallationen, Photovoltaikanlagen","breadcrumb":{"@id":"https:\/\/www.hoeller.bz\/energie\/de\/home\/#breadcrumb"},"inLanguage":"de","potentialAction":[{"@type":"ReadAction","target":["https:\/\/www.hoeller.bz\/energie\/de\/home\/"]}]},{"@type":"BreadcrumbList","@id":"https:\/\/www.hoeller.bz\/energie\/de\/home\/#breadcrumb","itemListElement":[{"@type":"ListItem","position":1,"name":"Startseite","item":"https:\/\/www.hoeller.bz\/energie\/de\/home\/"},{"@type":"ListItem","position":2,"name":"Home"}]},{"@type":"WebSite","@id":"https:\/\/www.hoeller.bz\/energie\/#website","url":"https:\/\/www.hoeller.bz\/energie\/","name":"Hoeller Bartholomaeus","description":"Elektriker \/ Energie","potentialAction":[{"@type":"SearchAction","target":{"@type":"EntryPoint","urlTemplate":"https:\/\/www.hoeller.bz\/energie\/?s={search_term_string}"},"query-input":{"@type":"PropertyValueSpecification","valueRequired":true,"valueName":"search_term_string"}}],"inLanguage":"de"}]}},"_links":{"self":[{"href":"https:\/\/www.hoeller.bz\/energie\/wp-json\/wp\/v2\/pages\/12"}],"collection":[{"href":"https:\/\/www.hoeller.bz\/energie\/wp-json\/wp\/v2\/pages"}],"about":[{"href":"https:\/\/www.hoeller.bz\/energie\/wp-json\/wp\/v2\/types\/page"}],"author":[{"embeddable":true,"href":"https:\/\/www.hoeller.bz\/energie\/wp-json\/wp\/v2\/users\/1"}],"replies":[{"embeddable":true,"href":"https:\/\/www.hoeller.bz\/energie\/wp-json\/wp\/v2\/comments?post=12"}],"version-history":[{"count":20,"href":"https:\/\/www.hoeller.bz\/energie\/wp-json\/wp\/v2\/pages\/12\/revisions"}],"predecessor-version":[{"id":270,"href":"https:\/\/www.hoeller.bz\/energie\/wp-json\/wp\/v2\/pages\/12\/revisions\/270"}],"wp:attachment":[{"href":"https:\/\/www.hoeller.bz\/energie\/wp-json\/wp\/v2\/media?parent=12"}],"curies":[{"name":"wp","href":"https:\/\/api.w.org\/{rel}","templated":true}]}}