{"id":120,"date":"2017-03-20T15:52:34","date_gmt":"2017-03-20T14:52:34","guid":{"rendered":"http:\/\/www.hoeller.bz\/installateur\/?page_id=120"},"modified":"2017-05-02T20:12:38","modified_gmt":"2017-05-02T18:12:38","slug":"referenzen","status":"publish","type":"page","link":"https:\/\/www.hoeller.bz\/installateur\/de\/referenzen\/","title":{"rendered":"Referenzen"},"content":{"rendered":"<div class=\"fusion-fullwidth fullwidth-box fusion-builder-row-1 nonhundred-percent-fullwidth non-hundred-percent-height-scrolling\" style=\"--awb-border-radius-top-left:0px;--awb-border-radius-top-right:0px;--awb-border-radius-bottom-right:0px;--awb-border-radius-bottom-left:0px;--awb-padding-top:20px;--awb-padding-right:20px;--awb-padding-bottom:20px;--awb-padding-left:20px;--awb-background-color:#ffffff;--awb-flex-wrap:wrap;\" ><div class=\"fusion-builder-row fusion-row\"><div class=\"fusion-layout-column fusion_builder_column fusion-builder-column-0 fusion_builder_column_1_1 1_1 fusion-one-full fusion-column-first fusion-column-last\" style=\"--awb-bg-size:cover;\"><div class=\"fusion-column-wrapper fusion-flex-column-wrapper-legacy\"><div class=\"fusion-text fusion-text-1\"><h3>Wir weisen eine Vielzahl an gehobenen Privatprojekten auf. Leider k\u00f6nnen wir diese individuellen und einzigartigen Projekte aus Gr\u00fcnden des Datenschutzes nicht nennen.<\/h3>\n<\/div><div class=\"fusion-text fusion-text-2\"><h4>Seit \u00fcber 30 Jahren installieren wir alles was mit Hydraulik zu tun hat,\u00a0f\u00fcr renommierte gastronomische Betriebe, \u00f6ffentliche Einrichtungen und private Bauherren mit gehobenen Anspr\u00fcchen an Individualit\u00e4t und Pr\u00e4zision. Hier ein Auszug unserer Arbeiten.<\/h4>\n<\/div><div class=\"fusion-text fusion-text-3\"><p><a href=\"http:\/\/www.pfeiferhof.com\/\">Pension Pfeiferhof<img decoding=\"async\" class=\"alignnone wp-image-318\" src=\"http:\/\/www.hoeller.bz\/tischler\/wp-content\/uploads\/2017\/04\/3_Sterne.jpg\" alt=\"\" width=\"33\" height=\"13\" \/><\/a> &#8211; Meransen<\/p>\n<p>&nbsp;<\/p>\n<\/div><div class=\"fusion-clearfix\"><\/div><\/div><\/div><\/div><\/div>\n","protected":false},"excerpt":{"rendered":"","protected":false},"author":1,"featured_media":0,"parent":0,"menu_order":0,"comment_status":"closed","ping_status":"closed","template":"","meta":{"footnotes":""},"class_list":["post-120","page","type-page","status-publish","hentry"],"yoast_head":"<!-- This site is optimized with the Yoast SEO plugin v23.4 - https:\/\/yoast.com\/wordpress\/plugins\/seo\/ -->\n<title>Referenzen - Hoeller Bonifaz<\/title>\n<meta name=\"robots\" content=\"index, follow, max-snippet:-1, max-image-preview:large, max-video-preview:-1\" \/>\n<link rel=\"canonical\" href=\"https:\/\/www.hoeller.bz\/installateur\/de\/referenzen\/\" \/>\n<meta property=\"og:locale\" content=\"de_DE\" \/>\n<meta property=\"og:type\" content=\"article\" \/>\n<meta property=\"og:title\" content=\"Referenzen - Hoeller Bonifaz\" \/>\n<meta property=\"og:url\" content=\"https:\/\/www.hoeller.bz\/installateur\/de\/referenzen\/\" \/>\n<meta property=\"og:site_name\" content=\"Hoeller Bonifaz\" \/>\n<meta property=\"article:modified_time\" content=\"2017-05-02T18:12:38+00:00\" \/>\n<meta property=\"og:image\" content=\"http:\/\/www.hoeller.bz\/tischler\/wp-content\/uploads\/2017\/04\/3_Sterne.jpg\" \/>\n<meta name=\"twitter:card\" content=\"summary_large_image\" \/>\n<meta name=\"twitter:label1\" content=\"Gesch\u00e4tzte Lesezeit\" \/>\n\t<meta name=\"twitter:data1\" content=\"1\u00a0Minute\" \/>\n<script type=\"application\/ld+json\" class=\"yoast-schema-graph\">{\"@context\":\"https:\/\/schema.org\",\"@graph\":[{\"@type\":\"WebPage\",\"@id\":\"https:\/\/www.hoeller.bz\/installateur\/de\/referenzen\/\",\"url\":\"https:\/\/www.hoeller.bz\/installateur\/de\/referenzen\/\",\"name\":\"Referenzen - Hoeller Bonifaz\",\"isPartOf\":{\"@id\":\"https:\/\/www.hoeller.bz\/installateur\/#website\"},\"primaryImageOfPage\":{\"@id\":\"https:\/\/www.hoeller.bz\/installateur\/de\/referenzen\/#primaryimage\"},\"image\":{\"@id\":\"https:\/\/www.hoeller.bz\/installateur\/de\/referenzen\/#primaryimage\"},\"thumbnailUrl\":\"http:\/\/www.hoeller.bz\/tischler\/wp-content\/uploads\/2017\/04\/3_Sterne.jpg\",\"datePublished\":\"2017-03-20T14:52:34+00:00\",\"dateModified\":\"2017-05-02T18:12:38+00:00\",\"breadcrumb\":{\"@id\":\"https:\/\/www.hoeller.bz\/installateur\/de\/referenzen\/#breadcrumb\"},\"inLanguage\":\"de\",\"potentialAction\":[{\"@type\":\"ReadAction\",\"target\":[\"https:\/\/www.hoeller.bz\/installateur\/de\/referenzen\/\"]}]},{\"@type\":\"ImageObject\",\"inLanguage\":\"de\",\"@id\":\"https:\/\/www.hoeller.bz\/installateur\/de\/referenzen\/#primaryimage\",\"url\":\"http:\/\/www.hoeller.bz\/tischler\/wp-content\/uploads\/2017\/04\/3_Sterne.jpg\",\"contentUrl\":\"http:\/\/www.hoeller.bz\/tischler\/wp-content\/uploads\/2017\/04\/3_Sterne.jpg\"},{\"@type\":\"BreadcrumbList\",\"@id\":\"https:\/\/www.hoeller.bz\/installateur\/de\/referenzen\/#breadcrumb\",\"itemListElement\":[{\"@type\":\"ListItem\",\"position\":1,\"name\":\"Startseite\",\"item\":\"https:\/\/www.hoeller.bz\/installateur\/de\/home\/\"},{\"@type\":\"ListItem\",\"position\":2,\"name\":\"Referenzen\"}]},{\"@type\":\"WebSite\",\"@id\":\"https:\/\/www.hoeller.bz\/installateur\/#website\",\"url\":\"https:\/\/www.hoeller.bz\/installateur\/\",\"name\":\"Hoeller Bonifaz\",\"description\":\"Installateur \/ Sanit\u00e4r\",\"potentialAction\":[{\"@type\":\"SearchAction\",\"target\":{\"@type\":\"EntryPoint\",\"urlTemplate\":\"https:\/\/www.hoeller.bz\/installateur\/?s={search_term_string}\"},\"query-input\":{\"@type\":\"PropertyValueSpecification\",\"valueRequired\":true,\"valueName\":\"search_term_string\"}}],\"inLanguage\":\"de\"}]}<\/script>\n<!-- \/ Yoast SEO plugin. -->","yoast_head_json":{"title":"Referenzen - Hoeller Bonifaz","robots":{"index":"index","follow":"follow","max-snippet":"max-snippet:-1","max-image-preview":"max-image-preview:large","max-video-preview":"max-video-preview:-1"},"canonical":"https:\/\/www.hoeller.bz\/installateur\/de\/referenzen\/","og_locale":"de_DE","og_type":"article","og_title":"Referenzen - Hoeller Bonifaz","og_url":"https:\/\/www.hoeller.bz\/installateur\/de\/referenzen\/","og_site_name":"Hoeller Bonifaz","article_modified_time":"2017-05-02T18:12:38+00:00","og_image":[{"url":"http:\/\/www.hoeller.bz\/tischler\/wp-content\/uploads\/2017\/04\/3_Sterne.jpg"}],"twitter_card":"summary_large_image","twitter_misc":{"Gesch\u00e4tzte Lesezeit":"1\u00a0Minute"},"schema":{"@context":"https:\/\/schema.org","@graph":[{"@type":"WebPage","@id":"https:\/\/www.hoeller.bz\/installateur\/de\/referenzen\/","url":"https:\/\/www.hoeller.bz\/installateur\/de\/referenzen\/","name":"Referenzen - Hoeller Bonifaz","isPartOf":{"@id":"https:\/\/www.hoeller.bz\/installateur\/#website"},"primaryImageOfPage":{"@id":"https:\/\/www.hoeller.bz\/installateur\/de\/referenzen\/#primaryimage"},"image":{"@id":"https:\/\/www.hoeller.bz\/installateur\/de\/referenzen\/#primaryimage"},"thumbnailUrl":"http:\/\/www.hoeller.bz\/tischler\/wp-content\/uploads\/2017\/04\/3_Sterne.jpg","datePublished":"2017-03-20T14:52:34+00:00","dateModified":"2017-05-02T18:12:38+00:00","breadcrumb":{"@id":"https:\/\/www.hoeller.bz\/installateur\/de\/referenzen\/#breadcrumb"},"inLanguage":"de","potentialAction":[{"@type":"ReadAction","target":["https:\/\/www.hoeller.bz\/installateur\/de\/referenzen\/"]}]},{"@type":"ImageObject","inLanguage":"de","@id":"https:\/\/www.hoeller.bz\/installateur\/de\/referenzen\/#primaryimage","url":"http:\/\/www.hoeller.bz\/tischler\/wp-content\/uploads\/2017\/04\/3_Sterne.jpg","contentUrl":"http:\/\/www.hoeller.bz\/tischler\/wp-content\/uploads\/2017\/04\/3_Sterne.jpg"},{"@type":"BreadcrumbList","@id":"https:\/\/www.hoeller.bz\/installateur\/de\/referenzen\/#breadcrumb","itemListElement":[{"@type":"ListItem","position":1,"name":"Startseite","item":"https:\/\/www.hoeller.bz\/installateur\/de\/home\/"},{"@type":"ListItem","position":2,"name":"Referenzen"}]},{"@type":"WebSite","@id":"https:\/\/www.hoeller.bz\/installateur\/#website","url":"https:\/\/www.hoeller.bz\/installateur\/","name":"Hoeller Bonifaz","description":"Installateur \/ Sanit\u00e4r","potentialAction":[{"@type":"SearchAction","target":{"@type":"EntryPoint","urlTemplate":"https:\/\/www.hoeller.bz\/installateur\/?s={search_term_string}"},"query-input":{"@type":"PropertyValueSpecification","valueRequired":true,"valueName":"search_term_string"}}],"inLanguage":"de"}]}},"_links":{"self":[{"href":"https:\/\/www.hoeller.bz\/installateur\/wp-json\/wp\/v2\/pages\/120"}],"collection":[{"href":"https:\/\/www.hoeller.bz\/installateur\/wp-json\/wp\/v2\/pages"}],"about":[{"href":"https:\/\/www.hoeller.bz\/installateur\/wp-json\/wp\/v2\/types\/page"}],"author":[{"embeddable":true,"href":"https:\/\/www.hoeller.bz\/installateur\/wp-json\/wp\/v2\/users\/1"}],"replies":[{"embeddable":true,"href":"https:\/\/www.hoeller.bz\/installateur\/wp-json\/wp\/v2\/comments?post=120"}],"version-history":[{"count":12,"href":"https:\/\/www.hoeller.bz\/installateur\/wp-json\/wp\/v2\/pages\/120\/revisions"}],"predecessor-version":[{"id":364,"href":"https:\/\/www.hoeller.bz\/installateur\/wp-json\/wp\/v2\/pages\/120\/revisions\/364"}],"wp:attachment":[{"href":"https:\/\/www.hoeller.bz\/installateur\/wp-json\/wp\/v2\/media?parent=120"}],"curies":[{"name":"wp","href":"https:\/\/api.w.org\/{rel}","templated":true}]}}