{"id":335,"date":"2017-05-02T09:05:58","date_gmt":"2017-05-02T07:05:58","guid":{"rendered":"http:\/\/www.hoeller.bz\/installateur\/?page_id=335"},"modified":"2019-04-02T16:17:02","modified_gmt":"2019-04-02T14:17:02","slug":"progetti-straordinari","status":"publish","type":"page","link":"https:\/\/www.hoeller.bz\/installateur\/it\/progetti-straordinari\/","title":{"rendered":"Progetti straordinari"},"content":{"rendered":"<div class=\"fusion-fullwidth fullwidth-box fusion-builder-row-1 nonhundred-percent-fullwidth non-hundred-percent-height-scrolling\" style=\"--awb-border-radius-top-left:0px;--awb-border-radius-top-right:0px;--awb-border-radius-bottom-right:0px;--awb-border-radius-bottom-left:0px;--awb-padding-top:20px;--awb-padding-right:20px;--awb-padding-bottom:20px;--awb-padding-left:20px;--awb-flex-wrap:wrap;\" ><div class=\"fusion-builder-row fusion-row\"><div class=\"fusion-layout-column fusion_builder_column fusion-builder-column-0 fusion_builder_column_1_1 1_1 fusion-one-full fusion-column-first fusion-column-last\" style=\"--awb-padding-top:20px;--awb-padding-right:20px;--awb-padding-bottom:20px;--awb-padding-left:20px;--awb-bg-color:#ffffff;--awb-bg-color-hover:#ffffff;--awb-bg-size:cover;\"><div class=\"fusion-column-wrapper fusion-flex-column-wrapper-legacy\"><div class=\"fusion-text fusion-text-1\"><p>In oltre al suo lavoro del hydraulico Bonifaz lavora sempre a progetti nuovi<\/p>\n<\/div><div class=\"fusion-text fusion-text-2\"><blockquote>\n<p><strong>patente: serbatoio d&#8217;aqua<\/strong><\/p>\n<\/blockquote>\n<\/div><div class=\"fusion-text fusion-text-3\"><blockquote>\n<p><strong>centrale termoelettrica e di riscaldamento per gas (BHKW):<\/strong><\/p>\n<p>Un BHKW, per le imprese pi\u00f9 piccole o anche pi\u00f9 grandi, \u00e8 utilizzata per la produzione di elettricit\u00e0 e calore per<br \/>\ncome richiesto.<br \/>\nA tal fine, il BHKW deve essere progettata principalmente per il trasferimento di calore. L&#8217;elettricit\u00e0 generata \u00e8<br \/>\ncompletamente integrato nelle operazioni del cliente.<br \/>\nProgettazione, produzione, installazione e messa in servizio da un unico fornitore.<\/p>\n<\/blockquote>\n<\/div><div class=\"fusion-text fusion-text-4\"><blockquote>\n<p><b>Construzione aqua potabile:<\/b><\/p>\n<\/blockquote>\n<\/div><div class=\"fusion-builder-row fusion-builder-row-inner fusion-row\"><div class=\"fusion-layout-column fusion_builder_column_inner fusion-builder-nested-column-0 fusion_builder_column_inner_1_3 1_3 fusion-one-third fusion-column-first\" style=\"--awb-bg-size:cover;width:33.3333333333%;width:calc(33.3333333333% - ( ( 4% + 4% ) * 0.333333333333 ) );margin-right: 4%;\"><div class=\"fusion-column-wrapper fusion-flex-column-wrapper-legacy\"><div class=\"fusion-clearfix\"><\/div><\/div><\/div><div class=\"fusion-layout-column fusion_builder_column_inner fusion-builder-nested-column-1 fusion_builder_column_inner_1_3 1_3 fusion-one-third\" style=\"--awb-bg-size:cover;width:33.3333333333%;width:calc(33.3333333333% - ( ( 4% + 4% ) * 0.333333333333 ) );margin-right: 4%;\"><div class=\"fusion-column-wrapper fusion-flex-column-wrapper-legacy\"><div style=\"width: 352px;\" class=\"wp-video\"><!--[if lt IE 9]><script>document.createElement('video');<\/script><![endif]-->\n<video class=\"wp-video-shortcode\" id=\"video-335-1\" width=\"352\" height=\"640\" preload=\"metadata\" controls=\"controls\"><source type=\"video\/mp4\" src=\"http:\/\/www.hoeller.bz\/installateur\/wp-content\/uploads\/2017\/05\/bonifaz.mp4?_=1\" \/><a href=\"http:\/\/www.hoeller.bz\/installateur\/wp-content\/uploads\/2017\/05\/bonifaz.mp4\">http:\/\/www.hoeller.bz\/installateur\/wp-content\/uploads\/2017\/05\/bonifaz.mp4<\/a><\/video><\/div><div class=\"fusion-clearfix\"><\/div><\/div><\/div><div class=\"fusion-layout-column fusion_builder_column_inner fusion-builder-nested-column-2 fusion_builder_column_inner_1_3 1_3 fusion-one-third fusion-column-last\" style=\"--awb-bg-size:cover;width:33.3333333333%;width:calc(33.3333333333% - ( ( 4% + 4% ) * 0.333333333333 ) );\"><div class=\"fusion-column-wrapper fusion-flex-column-wrapper-legacy\"><div class=\"fusion-clearfix\"><\/div><\/div><\/div><\/div><div class=\"fusion-clearfix\"><\/div><\/div><\/div><\/div><\/div>\n","protected":false},"excerpt":{"rendered":"","protected":false},"author":1,"featured_media":0,"parent":0,"menu_order":0,"comment_status":"closed","ping_status":"closed","template":"","meta":{"footnotes":""},"class_list":["post-335","page","type-page","status-publish","hentry"],"yoast_head":"<!-- This site is optimized with the Yoast SEO plugin v23.4 - https:\/\/yoast.com\/wordpress\/plugins\/seo\/ -->\n<title>Progetti straordinari - Hoeller Bonifaz<\/title>\n<meta name=\"robots\" content=\"index, follow, max-snippet:-1, max-image-preview:large, max-video-preview:-1\" \/>\n<link rel=\"canonical\" href=\"https:\/\/www.hoeller.bz\/installateur\/it\/progetti-straordinari\/\" \/>\n<meta property=\"og:locale\" content=\"de_DE\" \/>\n<meta property=\"og:type\" content=\"article\" \/>\n<meta property=\"og:title\" content=\"Progetti straordinari - Hoeller Bonifaz\" \/>\n<meta property=\"og:url\" content=\"https:\/\/www.hoeller.bz\/installateur\/it\/progetti-straordinari\/\" \/>\n<meta property=\"og:site_name\" content=\"Hoeller Bonifaz\" \/>\n<meta property=\"article:modified_time\" content=\"2019-04-02T14:17:02+00:00\" \/>\n<meta name=\"twitter:card\" content=\"summary_large_image\" \/>\n<meta name=\"twitter:label1\" content=\"Gesch\u00e4tzte Lesezeit\" \/>\n\t<meta name=\"twitter:data1\" content=\"2\u00a0Minuten\" \/>\n<script type=\"application\/ld+json\" class=\"yoast-schema-graph\">{\"@context\":\"https:\/\/schema.org\",\"@graph\":[{\"@type\":\"WebPage\",\"@id\":\"https:\/\/www.hoeller.bz\/installateur\/it\/progetti-straordinari\/\",\"url\":\"https:\/\/www.hoeller.bz\/installateur\/it\/progetti-straordinari\/\",\"name\":\"Progetti straordinari - Hoeller Bonifaz\",\"isPartOf\":{\"@id\":\"https:\/\/www.hoeller.bz\/installateur\/#website\"},\"datePublished\":\"2017-05-02T07:05:58+00:00\",\"dateModified\":\"2019-04-02T14:17:02+00:00\",\"breadcrumb\":{\"@id\":\"https:\/\/www.hoeller.bz\/installateur\/it\/progetti-straordinari\/#breadcrumb\"},\"inLanguage\":\"de\",\"potentialAction\":[{\"@type\":\"ReadAction\",\"target\":[\"https:\/\/www.hoeller.bz\/installateur\/it\/progetti-straordinari\/\"]}]},{\"@type\":\"BreadcrumbList\",\"@id\":\"https:\/\/www.hoeller.bz\/installateur\/it\/progetti-straordinari\/#breadcrumb\",\"itemListElement\":[{\"@type\":\"ListItem\",\"position\":1,\"name\":\"Startseite\",\"item\":\"https:\/\/www.hoeller.bz\/installateur\/de\/home\/\"},{\"@type\":\"ListItem\",\"position\":2,\"name\":\"Progetti straordinari\"}]},{\"@type\":\"WebSite\",\"@id\":\"https:\/\/www.hoeller.bz\/installateur\/#website\",\"url\":\"https:\/\/www.hoeller.bz\/installateur\/\",\"name\":\"Hoeller Bonifaz\",\"description\":\"Installateur \/ Sanit\u00e4r\",\"potentialAction\":[{\"@type\":\"SearchAction\",\"target\":{\"@type\":\"EntryPoint\",\"urlTemplate\":\"https:\/\/www.hoeller.bz\/installateur\/?s={search_term_string}\"},\"query-input\":{\"@type\":\"PropertyValueSpecification\",\"valueRequired\":true,\"valueName\":\"search_term_string\"}}],\"inLanguage\":\"de\"}]}<\/script>\n<!-- \/ Yoast SEO plugin. -->","yoast_head_json":{"title":"Progetti straordinari - Hoeller Bonifaz","robots":{"index":"index","follow":"follow","max-snippet":"max-snippet:-1","max-image-preview":"max-image-preview:large","max-video-preview":"max-video-preview:-1"},"canonical":"https:\/\/www.hoeller.bz\/installateur\/it\/progetti-straordinari\/","og_locale":"de_DE","og_type":"article","og_title":"Progetti straordinari - Hoeller Bonifaz","og_url":"https:\/\/www.hoeller.bz\/installateur\/it\/progetti-straordinari\/","og_site_name":"Hoeller Bonifaz","article_modified_time":"2019-04-02T14:17:02+00:00","twitter_card":"summary_large_image","twitter_misc":{"Gesch\u00e4tzte Lesezeit":"2\u00a0Minuten"},"schema":{"@context":"https:\/\/schema.org","@graph":[{"@type":"WebPage","@id":"https:\/\/www.hoeller.bz\/installateur\/it\/progetti-straordinari\/","url":"https:\/\/www.hoeller.bz\/installateur\/it\/progetti-straordinari\/","name":"Progetti straordinari - Hoeller Bonifaz","isPartOf":{"@id":"https:\/\/www.hoeller.bz\/installateur\/#website"},"datePublished":"2017-05-02T07:05:58+00:00","dateModified":"2019-04-02T14:17:02+00:00","breadcrumb":{"@id":"https:\/\/www.hoeller.bz\/installateur\/it\/progetti-straordinari\/#breadcrumb"},"inLanguage":"de","potentialAction":[{"@type":"ReadAction","target":["https:\/\/www.hoeller.bz\/installateur\/it\/progetti-straordinari\/"]}]},{"@type":"BreadcrumbList","@id":"https:\/\/www.hoeller.bz\/installateur\/it\/progetti-straordinari\/#breadcrumb","itemListElement":[{"@type":"ListItem","position":1,"name":"Startseite","item":"https:\/\/www.hoeller.bz\/installateur\/de\/home\/"},{"@type":"ListItem","position":2,"name":"Progetti straordinari"}]},{"@type":"WebSite","@id":"https:\/\/www.hoeller.bz\/installateur\/#website","url":"https:\/\/www.hoeller.bz\/installateur\/","name":"Hoeller Bonifaz","description":"Installateur \/ Sanit\u00e4r","potentialAction":[{"@type":"SearchAction","target":{"@type":"EntryPoint","urlTemplate":"https:\/\/www.hoeller.bz\/installateur\/?s={search_term_string}"},"query-input":{"@type":"PropertyValueSpecification","valueRequired":true,"valueName":"search_term_string"}}],"inLanguage":"de"}]}},"_links":{"self":[{"href":"https:\/\/www.hoeller.bz\/installateur\/wp-json\/wp\/v2\/pages\/335"}],"collection":[{"href":"https:\/\/www.hoeller.bz\/installateur\/wp-json\/wp\/v2\/pages"}],"about":[{"href":"https:\/\/www.hoeller.bz\/installateur\/wp-json\/wp\/v2\/types\/page"}],"author":[{"embeddable":true,"href":"https:\/\/www.hoeller.bz\/installateur\/wp-json\/wp\/v2\/users\/1"}],"replies":[{"embeddable":true,"href":"https:\/\/www.hoeller.bz\/installateur\/wp-json\/wp\/v2\/comments?post=335"}],"version-history":[{"count":12,"href":"https:\/\/www.hoeller.bz\/installateur\/wp-json\/wp\/v2\/pages\/335\/revisions"}],"predecessor-version":[{"id":525,"href":"https:\/\/www.hoeller.bz\/installateur\/wp-json\/wp\/v2\/pages\/335\/revisions\/525"}],"wp:attachment":[{"href":"https:\/\/www.hoeller.bz\/installateur\/wp-json\/wp\/v2\/media?parent=335"}],"curies":[{"name":"wp","href":"https:\/\/api.w.org\/{rel}","templated":true}]}}