{"id":12,"date":"2017-03-27T09:22:12","date_gmt":"2017-03-27T07:22:12","guid":{"rendered":"http:\/\/www.hoeller.bz\/tischler\/?page_id=12"},"modified":"2019-02-18T07:25:35","modified_gmt":"2019-02-18T06:25:35","slug":"home","status":"publish","type":"page","link":"https:\/\/www.hoeller.bz\/tischler\/de\/home\/","title":{"rendered":"Home"},"content":{"rendered":"<div class=\"fusion-fullwidth fullwidth-box fusion-builder-row-1 nonhundred-percent-fullwidth non-hundred-percent-height-scrolling\" style=\"--awb-border-radius-top-left:0px;--awb-border-radius-top-right:0px;--awb-border-radius-bottom-right:0px;--awb-border-radius-bottom-left:0px;--awb-padding-top:20px;--awb-padding-right:20px;--awb-padding-bottom:20px;--awb-padding-left:20px;--awb-background-color:#ffffff;--awb-flex-wrap:wrap;\" ><div class=\"fusion-builder-row fusion-row\"><div class=\"fusion-layout-column fusion_builder_column fusion-builder-column-0 fusion_builder_column_1_1 1_1 fusion-one-full fusion-column-first fusion-column-last\" style=\"--awb-bg-size:cover;\"><div class=\"fusion-column-wrapper fusion-flex-column-wrapper-legacy\"><div class=\"fusion-sep-clear\"><\/div><div class=\"fusion-separator fusion-has-icon fusion-full-width-sep\" style=\"margin-left: auto;margin-right: auto;margin-bottom:20px;width:100%;\"><div class=\"fusion-separator-border sep-single sep-solid\" style=\"--awb-height:20px;--awb-amount:20px;border-color:#e0dede;border-top-width:1px;\"><\/div><span class=\"icon-wrapper\" style=\"border-color:#e0dede;background-color:rgba(255,255,255,0);font-size:13px;width: 1.75em; height: 1.75em;border-width:1px;padding:1px;margin-top:-0.5px\"><i class=\" fa fa-chevron-down\" style=\"font-size: inherit;color:#e0dede;\" aria-hidden=\"true\"><\/i><\/span><div class=\"fusion-separator-border sep-single sep-solid\" style=\"--awb-height:20px;--awb-amount:20px;border-color:#e0dede;border-top-width:1px;\"><\/div><\/div><div class=\"fusion-sep-clear\"><\/div><div class=\"fusion-text fusion-text-1\"><blockquote>\n<h1><span style=\"color: #000000;\"><strong>HOLZ VERDIENT SICH<\/strong> <strong>SPEZIALISTEN<\/strong><\/span><\/h1>\n<\/blockquote>\n<p><span style=\"color: #000000;\">Wenn es um Holz geht, sind wir der richtige Ansprechpartner. Ob Sie z.B. eine neue K\u00fcche oder einen stilvollen Balkon planen oder einen Profi f\u00fcr die liebevolle Renovierung f\u00fcr ihre alte Bauernstube oder alte M\u00f6bel aller Art suchen \u2013 wir stehen Ihnen mit Rat und Tat zur Seite.<\/span><\/p>\n<p class=\"fliesstext\"><span style=\"color: #000000;\">Bei uns trifft traditionelles Handwerk auf zeitgem\u00e4\u00dfe Technologie. Wir bauen auf Tradition, also ohne die urspr\u00fcnglichen Wurzeln zu vergessen, und setzen auf Qualit\u00e4t \u2013 das ist unser Geheimrezept.<\/span><\/p>\n<p class=\"text\"><span style=\"color: #000000;\">Von der Planung, \u00fcber die Herstellung bis hin zur Montage vor Ort bieten wir komplette Leistungen und sichern damit ein hohes Ma\u00df an handwerkliche Qualit\u00e4tsarbeit.<\/span><\/p>\n<p><span style=\"color: #000000;\"><strong>Unsere Leistungen im \u00dcberblick:<\/strong><\/span><\/p>\n<ul>\n<li><span style=\"color: #000000;\"><strong>Zimmereinrichtungen<\/strong><\/span><\/li>\n<li><span style=\"color: #000000;\"><strong>Massivholzk\u00fcchen <\/strong><\/span><\/li>\n<li><span style=\"color: #000000;\"><strong>Neubau und Sanierung von Bauernstuben <\/strong><\/span><\/li>\n<li><span style=\"color: #000000;\"><strong>Restaurierung antiker M\u00f6bel <\/strong><\/span><\/li>\n<li><span style=\"color: #000000;\"><strong>Fertigen von Balkone und Treppen<\/strong><\/span><\/li>\n<li><span style=\"color: #000000;\"><strong>Gestalten von Wellness Bereichen<\/strong><\/span><\/li>\n<li><span style=\"color: #000000;\"><strong>Anfertigen von individuellen Geschenk Ideen<\/strong><\/span><\/li>\n<li><span style=\"color: #000000;\"><strong>NEU: integrierte LED Effektbeleuchtungen\u00a0<\/strong><\/span><\/li>\n<\/ul>\n<h3><span style=\"color: #000000;\">\u00a0<\/span><\/h3>\n<\/div><div class=\"fusion-clearfix\"><\/div><\/div><\/div><\/div><\/div>\n","protected":false},"excerpt":{"rendered":"","protected":false},"author":1,"featured_media":0,"parent":0,"menu_order":0,"comment_status":"closed","ping_status":"closed","template":"","meta":{"footnotes":""},"class_list":["post-12","page","type-page","status-publish","hentry"],"yoast_head":"<!-- This site is optimized with the Yoast SEO plugin v23.4 - https:\/\/yoast.com\/wordpress\/plugins\/seo\/ -->\n<title>Tischlerei Hoeller Anton, Massivholz<\/title>\n<meta name=\"description\" content=\"Tischlerei H\u00f6ller Anton Klausen BZ, Massivholztischler, Verarbeitung Altholz Klausen, Zimmereinrichtung, K\u00fcchenbau, Holzstuben, Einbauschr\u00e4nke\" \/>\n<meta name=\"robots\" content=\"index, follow, max-snippet:-1, max-image-preview:large, max-video-preview:-1\" \/>\n<link rel=\"canonical\" href=\"https:\/\/www.hoeller.bz\/tischler\/de\/home\/\" \/>\n<meta property=\"og:locale\" content=\"de_DE\" \/>\n<meta property=\"og:type\" content=\"article\" \/>\n<meta property=\"og:title\" content=\"Tischlerei Hoeller Anton, Massivholz\" \/>\n<meta property=\"og:description\" content=\"Tischlerei H\u00f6ller Anton Klausen BZ, Massivholztischler, Verarbeitung Altholz Klausen, Zimmereinrichtung, K\u00fcchenbau, Holzstuben, Einbauschr\u00e4nke\" \/>\n<meta property=\"og:url\" content=\"https:\/\/www.hoeller.bz\/tischler\/de\/home\/\" \/>\n<meta property=\"og:site_name\" content=\"Hoeller Anton\" \/>\n<meta property=\"article:modified_time\" content=\"2019-02-18T06:25:35+00:00\" \/>\n<meta name=\"twitter:card\" content=\"summary_large_image\" \/>\n<meta name=\"twitter:label1\" content=\"Gesch\u00e4tzte Lesezeit\" \/>\n\t<meta name=\"twitter:data1\" content=\"2\u00a0Minuten\" \/>\n<script type=\"application\/ld+json\" class=\"yoast-schema-graph\">{\"@context\":\"https:\/\/schema.org\",\"@graph\":[{\"@type\":\"WebPage\",\"@id\":\"https:\/\/www.hoeller.bz\/tischler\/de\/home\/\",\"url\":\"https:\/\/www.hoeller.bz\/tischler\/de\/home\/\",\"name\":\"Tischlerei Hoeller Anton, Massivholz\",\"isPartOf\":{\"@id\":\"https:\/\/www.hoeller.bz\/tischler\/#website\"},\"datePublished\":\"2017-03-27T07:22:12+00:00\",\"dateModified\":\"2019-02-18T06:25:35+00:00\",\"description\":\"Tischlerei H\u00f6ller Anton Klausen BZ, Massivholztischler, Verarbeitung Altholz Klausen, Zimmereinrichtung, K\u00fcchenbau, Holzstuben, Einbauschr\u00e4nke\",\"breadcrumb\":{\"@id\":\"https:\/\/www.hoeller.bz\/tischler\/de\/home\/#breadcrumb\"},\"inLanguage\":\"de\",\"potentialAction\":[{\"@type\":\"ReadAction\",\"target\":[\"https:\/\/www.hoeller.bz\/tischler\/de\/home\/\"]}]},{\"@type\":\"BreadcrumbList\",\"@id\":\"https:\/\/www.hoeller.bz\/tischler\/de\/home\/#breadcrumb\",\"itemListElement\":[{\"@type\":\"ListItem\",\"position\":1,\"name\":\"Startseite\",\"item\":\"https:\/\/www.hoeller.bz\/tischler\/de\/home\/\"},{\"@type\":\"ListItem\",\"position\":2,\"name\":\"Home\"}]},{\"@type\":\"WebSite\",\"@id\":\"https:\/\/www.hoeller.bz\/tischler\/#website\",\"url\":\"https:\/\/www.hoeller.bz\/tischler\/\",\"name\":\"Hoeller Anton\",\"description\":\"Tischler \/ Tischlerei\",\"potentialAction\":[{\"@type\":\"SearchAction\",\"target\":{\"@type\":\"EntryPoint\",\"urlTemplate\":\"https:\/\/www.hoeller.bz\/tischler\/?s={search_term_string}\"},\"query-input\":{\"@type\":\"PropertyValueSpecification\",\"valueRequired\":true,\"valueName\":\"search_term_string\"}}],\"inLanguage\":\"de\"}]}<\/script>\n<!-- \/ Yoast SEO plugin. -->","yoast_head_json":{"title":"Tischlerei Hoeller Anton, Massivholz","description":"Tischlerei H\u00f6ller Anton Klausen BZ, Massivholztischler, Verarbeitung Altholz Klausen, Zimmereinrichtung, K\u00fcchenbau, Holzstuben, Einbauschr\u00e4nke","robots":{"index":"index","follow":"follow","max-snippet":"max-snippet:-1","max-image-preview":"max-image-preview:large","max-video-preview":"max-video-preview:-1"},"canonical":"https:\/\/www.hoeller.bz\/tischler\/de\/home\/","og_locale":"de_DE","og_type":"article","og_title":"Tischlerei Hoeller Anton, Massivholz","og_description":"Tischlerei H\u00f6ller Anton Klausen BZ, Massivholztischler, Verarbeitung Altholz Klausen, Zimmereinrichtung, K\u00fcchenbau, Holzstuben, Einbauschr\u00e4nke","og_url":"https:\/\/www.hoeller.bz\/tischler\/de\/home\/","og_site_name":"Hoeller Anton","article_modified_time":"2019-02-18T06:25:35+00:00","twitter_card":"summary_large_image","twitter_misc":{"Gesch\u00e4tzte Lesezeit":"2\u00a0Minuten"},"schema":{"@context":"https:\/\/schema.org","@graph":[{"@type":"WebPage","@id":"https:\/\/www.hoeller.bz\/tischler\/de\/home\/","url":"https:\/\/www.hoeller.bz\/tischler\/de\/home\/","name":"Tischlerei Hoeller Anton, Massivholz","isPartOf":{"@id":"https:\/\/www.hoeller.bz\/tischler\/#website"},"datePublished":"2017-03-27T07:22:12+00:00","dateModified":"2019-02-18T06:25:35+00:00","description":"Tischlerei H\u00f6ller Anton Klausen BZ, Massivholztischler, Verarbeitung Altholz Klausen, Zimmereinrichtung, K\u00fcchenbau, Holzstuben, Einbauschr\u00e4nke","breadcrumb":{"@id":"https:\/\/www.hoeller.bz\/tischler\/de\/home\/#breadcrumb"},"inLanguage":"de","potentialAction":[{"@type":"ReadAction","target":["https:\/\/www.hoeller.bz\/tischler\/de\/home\/"]}]},{"@type":"BreadcrumbList","@id":"https:\/\/www.hoeller.bz\/tischler\/de\/home\/#breadcrumb","itemListElement":[{"@type":"ListItem","position":1,"name":"Startseite","item":"https:\/\/www.hoeller.bz\/tischler\/de\/home\/"},{"@type":"ListItem","position":2,"name":"Home"}]},{"@type":"WebSite","@id":"https:\/\/www.hoeller.bz\/tischler\/#website","url":"https:\/\/www.hoeller.bz\/tischler\/","name":"Hoeller Anton","description":"Tischler \/ Tischlerei","potentialAction":[{"@type":"SearchAction","target":{"@type":"EntryPoint","urlTemplate":"https:\/\/www.hoeller.bz\/tischler\/?s={search_term_string}"},"query-input":{"@type":"PropertyValueSpecification","valueRequired":true,"valueName":"search_term_string"}}],"inLanguage":"de"}]}},"_links":{"self":[{"href":"https:\/\/www.hoeller.bz\/tischler\/wp-json\/wp\/v2\/pages\/12"}],"collection":[{"href":"https:\/\/www.hoeller.bz\/tischler\/wp-json\/wp\/v2\/pages"}],"about":[{"href":"https:\/\/www.hoeller.bz\/tischler\/wp-json\/wp\/v2\/types\/page"}],"author":[{"embeddable":true,"href":"https:\/\/www.hoeller.bz\/tischler\/wp-json\/wp\/v2\/users\/1"}],"replies":[{"embeddable":true,"href":"https:\/\/www.hoeller.bz\/tischler\/wp-json\/wp\/v2\/comments?post=12"}],"version-history":[{"count":21,"href":"https:\/\/www.hoeller.bz\/tischler\/wp-json\/wp\/v2\/pages\/12\/revisions"}],"predecessor-version":[{"id":525,"href":"https:\/\/www.hoeller.bz\/tischler\/wp-json\/wp\/v2\/pages\/12\/revisions\/525"}],"wp:attachment":[{"href":"https:\/\/www.hoeller.bz\/tischler\/wp-json\/wp\/v2\/media?parent=12"}],"curies":[{"name":"wp","href":"https:\/\/api.w.org\/{rel}","templated":true}]}}