{"id":14,"date":"2017-03-27T09:23:39","date_gmt":"2017-03-27T07:23:39","guid":{"rendered":"http:\/\/www.hoeller.bz\/tischler\/?page_id=14"},"modified":"2017-03-27T14:45:37","modified_gmt":"2017-03-27T12:45:37","slug":"impressum","status":"publish","type":"page","link":"https:\/\/www.hoeller.bz\/tischler\/de\/impressum\/","title":{"rendered":"Impressum"},"content":{"rendered":"<div class=\"fusion-fullwidth fullwidth-box fusion-builder-row-1 nonhundred-percent-fullwidth non-hundred-percent-height-scrolling\" style=\"--awb-border-radius-top-left:0px;--awb-border-radius-top-right:0px;--awb-border-radius-bottom-right:0px;--awb-border-radius-bottom-left:0px;--awb-padding-top:20px;--awb-padding-right:20px;--awb-padding-bottom:20px;--awb-padding-left:20px;--awb-background-color:#ffffff;--awb-flex-wrap:wrap;\" ><div class=\"fusion-builder-row fusion-row\"><div class=\"fusion-layout-column fusion_builder_column fusion-builder-column-0 fusion_builder_column_1_1 1_1 fusion-one-full fusion-column-first fusion-column-last\" style=\"--awb-bg-size:cover;\"><div class=\"fusion-column-wrapper fusion-flex-column-wrapper-legacy\"><div class=\"fusion-text fusion-text-1\"><p>Trotz sorgf\u00e4ltiger Kontrolle k\u00f6nnen wir keine Haftung f\u00fcr den Inhalt verlinkter Internetseiten, f\u00fcr\u00a0 Fehler oder sonstige Irrt\u00fcmer \u00fcbernehmen &#8211; \u00c4nderungen sind jederzeit vorbehalten. Sollte dieser Internetauftritt nicht oder nicht mit dem vollen Leistungsumfang verf\u00fcgbar sein, so wird nicht f\u00fcr Sch\u00e4den oder Folgesch\u00e4den gehaftet.<\/p>\n<p>Diese Website ist kein Hochsicherheitssystem und kann schon allein durch seine Anbindung an das Internet und der sich daraus ergebenden, technischen Gegebenheiten keine Gew\u00e4hr daf\u00fcr \u00fcbernehmen, dass der Informationsfluss von und zu diesem Auftritt nicht von Dritten abgeh\u00f6rt und\/oder aufgezeichnet wird.<\/p>\n<p>S\u00e4mtliche Namen, Marken und Warenzeichen sind Eigentum des jeweiligen Inhabers. Dies gilt auch dann, wenn diese nicht als solche gekennzeichnet wurden. Der gesamte Internetauftritt ist urheberrechtlich gesch\u00fctzt. Der Herausgeber ist:<\/p>\n<p>DasAufkl\u00e4rungsschreiben im Sinne des Gesetzesvertretenden Dekretes vom 30.06.2003 \u201eDatenschutzkodex\u201c ist\u00a0<a href=\"http:\/\/hoeller.bz\/gebrueder\/anton\/deutsch\/privacy.htm\">hier einsichtbar<\/a>.<\/p>\n<p>Anton H\u00f6ller<br \/>\nUID IT 01739780219<br \/>\nLatzfons 52<br \/>\n39043 Klausen (BZ)<\/p>\n<p>Tel. 0472 \/ 545289<br \/>\nFax 0472 \/ 543326<\/p>\n<p>Handy 335 \/ 456040<br \/>\n<a href=\"mailto:antonbonifaz@hoeller.bz\">anton@hoeller.bz<\/a><\/p>\n<\/div><div class=\"fusion-clearfix\"><\/div><\/div><\/div><\/div><\/div>\n","protected":false},"excerpt":{"rendered":"","protected":false},"author":1,"featured_media":0,"parent":0,"menu_order":0,"comment_status":"closed","ping_status":"closed","template":"","meta":{"footnotes":""},"class_list":["post-14","page","type-page","status-publish","hentry"],"yoast_head":"<!-- This site is optimized with the Yoast SEO plugin v23.4 - https:\/\/yoast.com\/wordpress\/plugins\/seo\/ -->\n<title>Impressum - Hoeller Anton<\/title>\n<meta name=\"robots\" content=\"index, follow, max-snippet:-1, max-image-preview:large, max-video-preview:-1\" \/>\n<link rel=\"canonical\" href=\"https:\/\/www.hoeller.bz\/tischler\/de\/impressum\/\" \/>\n<meta property=\"og:locale\" content=\"de_DE\" \/>\n<meta property=\"og:type\" content=\"article\" \/>\n<meta property=\"og:title\" content=\"Impressum - Hoeller Anton\" \/>\n<meta property=\"og:url\" content=\"https:\/\/www.hoeller.bz\/tischler\/de\/impressum\/\" \/>\n<meta property=\"og:site_name\" content=\"Hoeller Anton\" \/>\n<meta property=\"article:modified_time\" content=\"2017-03-27T12:45:37+00:00\" \/>\n<meta name=\"twitter:card\" content=\"summary_large_image\" \/>\n<meta name=\"twitter:label1\" content=\"Gesch\u00e4tzte Lesezeit\" \/>\n\t<meta name=\"twitter:data1\" content=\"1\u00a0Minute\" \/>\n<script type=\"application\/ld+json\" class=\"yoast-schema-graph\">{\"@context\":\"https:\/\/schema.org\",\"@graph\":[{\"@type\":\"WebPage\",\"@id\":\"https:\/\/www.hoeller.bz\/tischler\/de\/impressum\/\",\"url\":\"https:\/\/www.hoeller.bz\/tischler\/de\/impressum\/\",\"name\":\"Impressum - Hoeller Anton\",\"isPartOf\":{\"@id\":\"https:\/\/www.hoeller.bz\/tischler\/#website\"},\"datePublished\":\"2017-03-27T07:23:39+00:00\",\"dateModified\":\"2017-03-27T12:45:37+00:00\",\"breadcrumb\":{\"@id\":\"https:\/\/www.hoeller.bz\/tischler\/de\/impressum\/#breadcrumb\"},\"inLanguage\":\"de\",\"potentialAction\":[{\"@type\":\"ReadAction\",\"target\":[\"https:\/\/www.hoeller.bz\/tischler\/de\/impressum\/\"]}]},{\"@type\":\"BreadcrumbList\",\"@id\":\"https:\/\/www.hoeller.bz\/tischler\/de\/impressum\/#breadcrumb\",\"itemListElement\":[{\"@type\":\"ListItem\",\"position\":1,\"name\":\"Startseite\",\"item\":\"https:\/\/www.hoeller.bz\/tischler\/de\/home\/\"},{\"@type\":\"ListItem\",\"position\":2,\"name\":\"Impressum\"}]},{\"@type\":\"WebSite\",\"@id\":\"https:\/\/www.hoeller.bz\/tischler\/#website\",\"url\":\"https:\/\/www.hoeller.bz\/tischler\/\",\"name\":\"Hoeller Anton\",\"description\":\"Tischler \/ Tischlerei\",\"potentialAction\":[{\"@type\":\"SearchAction\",\"target\":{\"@type\":\"EntryPoint\",\"urlTemplate\":\"https:\/\/www.hoeller.bz\/tischler\/?s={search_term_string}\"},\"query-input\":{\"@type\":\"PropertyValueSpecification\",\"valueRequired\":true,\"valueName\":\"search_term_string\"}}],\"inLanguage\":\"de\"}]}<\/script>\n<!-- \/ Yoast SEO plugin. -->","yoast_head_json":{"title":"Impressum - Hoeller Anton","robots":{"index":"index","follow":"follow","max-snippet":"max-snippet:-1","max-image-preview":"max-image-preview:large","max-video-preview":"max-video-preview:-1"},"canonical":"https:\/\/www.hoeller.bz\/tischler\/de\/impressum\/","og_locale":"de_DE","og_type":"article","og_title":"Impressum - Hoeller Anton","og_url":"https:\/\/www.hoeller.bz\/tischler\/de\/impressum\/","og_site_name":"Hoeller Anton","article_modified_time":"2017-03-27T12:45:37+00:00","twitter_card":"summary_large_image","twitter_misc":{"Gesch\u00e4tzte Lesezeit":"1\u00a0Minute"},"schema":{"@context":"https:\/\/schema.org","@graph":[{"@type":"WebPage","@id":"https:\/\/www.hoeller.bz\/tischler\/de\/impressum\/","url":"https:\/\/www.hoeller.bz\/tischler\/de\/impressum\/","name":"Impressum - Hoeller Anton","isPartOf":{"@id":"https:\/\/www.hoeller.bz\/tischler\/#website"},"datePublished":"2017-03-27T07:23:39+00:00","dateModified":"2017-03-27T12:45:37+00:00","breadcrumb":{"@id":"https:\/\/www.hoeller.bz\/tischler\/de\/impressum\/#breadcrumb"},"inLanguage":"de","potentialAction":[{"@type":"ReadAction","target":["https:\/\/www.hoeller.bz\/tischler\/de\/impressum\/"]}]},{"@type":"BreadcrumbList","@id":"https:\/\/www.hoeller.bz\/tischler\/de\/impressum\/#breadcrumb","itemListElement":[{"@type":"ListItem","position":1,"name":"Startseite","item":"https:\/\/www.hoeller.bz\/tischler\/de\/home\/"},{"@type":"ListItem","position":2,"name":"Impressum"}]},{"@type":"WebSite","@id":"https:\/\/www.hoeller.bz\/tischler\/#website","url":"https:\/\/www.hoeller.bz\/tischler\/","name":"Hoeller Anton","description":"Tischler \/ Tischlerei","potentialAction":[{"@type":"SearchAction","target":{"@type":"EntryPoint","urlTemplate":"https:\/\/www.hoeller.bz\/tischler\/?s={search_term_string}"},"query-input":{"@type":"PropertyValueSpecification","valueRequired":true,"valueName":"search_term_string"}}],"inLanguage":"de"}]}},"_links":{"self":[{"href":"https:\/\/www.hoeller.bz\/tischler\/wp-json\/wp\/v2\/pages\/14"}],"collection":[{"href":"https:\/\/www.hoeller.bz\/tischler\/wp-json\/wp\/v2\/pages"}],"about":[{"href":"https:\/\/www.hoeller.bz\/tischler\/wp-json\/wp\/v2\/types\/page"}],"author":[{"embeddable":true,"href":"https:\/\/www.hoeller.bz\/tischler\/wp-json\/wp\/v2\/users\/1"}],"replies":[{"embeddable":true,"href":"https:\/\/www.hoeller.bz\/tischler\/wp-json\/wp\/v2\/comments?post=14"}],"version-history":[{"count":3,"href":"https:\/\/www.hoeller.bz\/tischler\/wp-json\/wp\/v2\/pages\/14\/revisions"}],"predecessor-version":[{"id":112,"href":"https:\/\/www.hoeller.bz\/tischler\/wp-json\/wp\/v2\/pages\/14\/revisions\/112"}],"wp:attachment":[{"href":"https:\/\/www.hoeller.bz\/tischler\/wp-json\/wp\/v2\/media?parent=14"}],"curies":[{"name":"wp","href":"https:\/\/api.w.org\/{rel}","templated":true}]}}