{"id":18,"date":"2017-03-27T09:25:30","date_gmt":"2017-03-27T07:25:30","guid":{"rendered":"http:\/\/www.hoeller.bz\/tischler\/?page_id=18"},"modified":"2018-05-26T09:55:57","modified_gmt":"2018-05-26T07:55:57","slug":"referenzen","status":"publish","type":"page","link":"https:\/\/www.hoeller.bz\/tischler\/de\/referenzen\/","title":{"rendered":"Referenzen"},"content":{"rendered":"<div class=\"fusion-fullwidth fullwidth-box fusion-builder-row-1 nonhundred-percent-fullwidth non-hundred-percent-height-scrolling\" style=\"--awb-border-radius-top-left:0px;--awb-border-radius-top-right:0px;--awb-border-radius-bottom-right:0px;--awb-border-radius-bottom-left:0px;--awb-padding-top:20px;--awb-padding-right:20px;--awb-padding-bottom:20px;--awb-padding-left:20px;--awb-background-color:#ffffff;--awb-flex-wrap:wrap;\" ><div class=\"fusion-builder-row fusion-row\"><div class=\"fusion-layout-column fusion_builder_column fusion-builder-column-0 fusion_builder_column_1_1 1_1 fusion-one-full fusion-column-first fusion-column-last\" style=\"--awb-bg-size:cover;\"><div class=\"fusion-column-wrapper fusion-flex-column-wrapper-legacy\"><div class=\"fusion-text fusion-text-1\"><h3><span style=\"color: #000000;\">Wir weisen eine Vielzahl an gehobenen Privatprojekten auf. Leider k\u00f6nnen wir diese individuellen und einzigartigen Projekte aus Gr\u00fcnden des Datenschutzes nicht nennen.<\/span><\/h3>\n<\/div><div class=\"fusion-text fusion-text-2\"><h4><span style=\"color: #000000;\">Seit \u00fcber 15 Jahren fertigen wir professionell M\u00f6bel an,\u00a0f\u00fcr renommierte gastronomische Betriebe, \u00f6ffentliche Einrichtungen und private Bauherren mit gehobenen Anspr\u00fcchen an Individualit\u00e4t und Pr\u00e4zision. Hier ein Auszug unserer Arbeiten.<\/span><\/h4>\n<\/div><div class=\"fusion-text fusion-text-3\"><p><a href=\"http:\/\/hoferhof.eu\/\">Hoferhof<\/a><a style=\"color: #000000;\" href=\"http:\/\/www.huber-hof.bz.it\/\"><img decoding=\"async\" class=\"alignnone wp-image-315\" src=\"http:\/\/www.hoeller.bz\/tischler\/wp-content\/uploads\/2017\/04\/Download.png\" alt=\"\" width=\"43\" height=\"8\" srcset=\"https:\/\/www.hoeller.bz\/tischler\/wp-content\/uploads\/2017\/04\/Download-200x37.png 200w, https:\/\/www.hoeller.bz\/tischler\/wp-content\/uploads\/2017\/04\/Download-300x56.png 300w, https:\/\/www.hoeller.bz\/tischler\/wp-content\/uploads\/2017\/04\/Download-400x75.png 400w, https:\/\/www.hoeller.bz\/tischler\/wp-content\/uploads\/2017\/04\/Download-460x97.png 460w, https:\/\/www.hoeller.bz\/tischler\/wp-content\/uploads\/2017\/04\/Download.png 518w\" sizes=\"(max-width: 43px) 100vw, 43px\" \/><\/a>\u00a0&#8211; Feldthurns\/Schrambach<\/p>\n<p><span style=\"color: #000000;\"><a style=\"color: #000000;\" href=\"http:\/\/www.huber-hof.bz.it\/\">Huber Hof\u00a0<img decoding=\"async\" class=\"alignnone wp-image-315\" src=\"http:\/\/www.hoeller.bz\/tischler\/wp-content\/uploads\/2017\/04\/Download.png\" alt=\"\" width=\"43\" height=\"8\" srcset=\"https:\/\/www.hoeller.bz\/tischler\/wp-content\/uploads\/2017\/04\/Download-200x37.png 200w, https:\/\/www.hoeller.bz\/tischler\/wp-content\/uploads\/2017\/04\/Download-300x56.png 300w, https:\/\/www.hoeller.bz\/tischler\/wp-content\/uploads\/2017\/04\/Download-400x75.png 400w, https:\/\/www.hoeller.bz\/tischler\/wp-content\/uploads\/2017\/04\/Download-460x97.png 460w, https:\/\/www.hoeller.bz\/tischler\/wp-content\/uploads\/2017\/04\/Download.png 518w\" sizes=\"(max-width: 43px) 100vw, 43px\" \/><\/a>\u00a0&#8211; Villanders<\/span><\/p>\n<p><span style=\"color: #000000;\"><a style=\"color: #000000;\" href=\"http:\/\/www.pfeiferhof.com\/\">Pension Pfeiferhof<img decoding=\"async\" class=\"alignnone wp-image-318\" src=\"http:\/\/www.hoeller.bz\/tischler\/wp-content\/uploads\/2017\/04\/3_Sterne.jpg\" alt=\"\" width=\"33\" height=\"13\" srcset=\"https:\/\/www.hoeller.bz\/tischler\/wp-content\/uploads\/2017\/04\/3_Sterne-200x80.jpg 200w, https:\/\/www.hoeller.bz\/tischler\/wp-content\/uploads\/2017\/04\/3_Sterne-300x120.jpg 300w, https:\/\/www.hoeller.bz\/tischler\/wp-content\/uploads\/2017\/04\/3_Sterne-400x160.jpg 400w, https:\/\/www.hoeller.bz\/tischler\/wp-content\/uploads\/2017\/04\/3_Sterne-600x240.jpg 600w, https:\/\/www.hoeller.bz\/tischler\/wp-content\/uploads\/2017\/04\/3_Sterne-669x272.jpg 669w, https:\/\/www.hoeller.bz\/tischler\/wp-content\/uploads\/2017\/04\/3_Sterne-768x307.jpg 768w, https:\/\/www.hoeller.bz\/tischler\/wp-content\/uploads\/2017\/04\/3_Sterne-800x320.jpg 800w, https:\/\/www.hoeller.bz\/tischler\/wp-content\/uploads\/2017\/04\/3_Sterne-940x400.jpg 940w, https:\/\/www.hoeller.bz\/tischler\/wp-content\/uploads\/2017\/04\/3_Sterne-1024x410.jpg 1024w, https:\/\/www.hoeller.bz\/tischler\/wp-content\/uploads\/2017\/04\/3_Sterne-1200x480.jpg 1200w, https:\/\/www.hoeller.bz\/tischler\/wp-content\/uploads\/2017\/04\/3_Sterne.jpg 1380w\" sizes=\"(max-width: 33px) 100vw, 33px\" \/><\/a> &#8211; Meransen<\/span><\/p>\n<p><span style=\"color: #000000;\"><a style=\"color: #000000;\" href=\"http:\/\/www.hubenbauer.com\/\">Hofbr\u00e4uerei Hubenbauer<\/a> &#8211; Vahrn<\/span><\/p>\n<p><span style=\"color: #000000;\"><a style=\"color: #000000;\" href=\"http:\/\/www.neuhausmuehle.com\">Hotel Neuhausm\u00fchle<\/a><img decoding=\"async\" class=\"alignnone wp-image-318\" src=\"http:\/\/www.hoeller.bz\/tischler\/wp-content\/uploads\/2017\/04\/3_Sterne.jpg\" alt=\"\" width=\"31\" height=\"13\" srcset=\"https:\/\/www.hoeller.bz\/tischler\/wp-content\/uploads\/2017\/04\/3_Sterne-200x80.jpg 200w, https:\/\/www.hoeller.bz\/tischler\/wp-content\/uploads\/2017\/04\/3_Sterne-300x120.jpg 300w, https:\/\/www.hoeller.bz\/tischler\/wp-content\/uploads\/2017\/04\/3_Sterne-400x160.jpg 400w, https:\/\/www.hoeller.bz\/tischler\/wp-content\/uploads\/2017\/04\/3_Sterne-600x240.jpg 600w, https:\/\/www.hoeller.bz\/tischler\/wp-content\/uploads\/2017\/04\/3_Sterne-669x272.jpg 669w, https:\/\/www.hoeller.bz\/tischler\/wp-content\/uploads\/2017\/04\/3_Sterne-768x307.jpg 768w, https:\/\/www.hoeller.bz\/tischler\/wp-content\/uploads\/2017\/04\/3_Sterne-800x320.jpg 800w, https:\/\/www.hoeller.bz\/tischler\/wp-content\/uploads\/2017\/04\/3_Sterne-940x400.jpg 940w, https:\/\/www.hoeller.bz\/tischler\/wp-content\/uploads\/2017\/04\/3_Sterne-1024x410.jpg 1024w, https:\/\/www.hoeller.bz\/tischler\/wp-content\/uploads\/2017\/04\/3_Sterne-1200x480.jpg 1200w, https:\/\/www.hoeller.bz\/tischler\/wp-content\/uploads\/2017\/04\/3_Sterne.jpg 1380w\" sizes=\"(max-width: 31px) 100vw, 31px\" \/>s\u2013 Vilpian<\/span><\/p>\n<p><span style=\"color: #000000;\"><a style=\"color: #000000;\" href=\"http:\/\/www.moarhof.info\/\">Moarhof<\/a>\u00a0<img decoding=\"async\" class=\"alignnone wp-image-319\" src=\"http:\/\/www.hoeller.bz\/tischler\/wp-content\/uploads\/2017\/03\/Download-3.png\" alt=\"\" width=\"48\" height=\"12\" srcset=\"https:\/\/www.hoeller.bz\/tischler\/wp-content\/uploads\/2017\/03\/Download-3-200x50.png 200w, https:\/\/www.hoeller.bz\/tischler\/wp-content\/uploads\/2017\/03\/Download-3-300x75.png 300w, https:\/\/www.hoeller.bz\/tischler\/wp-content\/uploads\/2017\/03\/Download-3.png 388w\" sizes=\"(max-width: 48px) 100vw, 48px\" \/>\u00a0\u00a0\u00a0\u00a0\u00a0\u00a0\u00a0 &#8211; Raas<\/span><\/p>\n<p><span style=\"color: #000000;\">Knapp Hof &#8211; Freienfeld<\/span><\/p>\n<p><span style=\"color: #000000;\">Hotel Montblanc<img decoding=\"async\" class=\"alignnone wp-image-318\" src=\"http:\/\/www.hoeller.bz\/tischler\/wp-content\/uploads\/2017\/04\/3_Sterne.jpg\" alt=\"\" width=\"33\" height=\"13\" srcset=\"https:\/\/www.hoeller.bz\/tischler\/wp-content\/uploads\/2017\/04\/3_Sterne-200x80.jpg 200w, https:\/\/www.hoeller.bz\/tischler\/wp-content\/uploads\/2017\/04\/3_Sterne-300x120.jpg 300w, https:\/\/www.hoeller.bz\/tischler\/wp-content\/uploads\/2017\/04\/3_Sterne-400x160.jpg 400w, https:\/\/www.hoeller.bz\/tischler\/wp-content\/uploads\/2017\/04\/3_Sterne-600x240.jpg 600w, https:\/\/www.hoeller.bz\/tischler\/wp-content\/uploads\/2017\/04\/3_Sterne-669x272.jpg 669w, https:\/\/www.hoeller.bz\/tischler\/wp-content\/uploads\/2017\/04\/3_Sterne-768x307.jpg 768w, https:\/\/www.hoeller.bz\/tischler\/wp-content\/uploads\/2017\/04\/3_Sterne-800x320.jpg 800w, https:\/\/www.hoeller.bz\/tischler\/wp-content\/uploads\/2017\/04\/3_Sterne-940x400.jpg 940w, https:\/\/www.hoeller.bz\/tischler\/wp-content\/uploads\/2017\/04\/3_Sterne-1024x410.jpg 1024w, https:\/\/www.hoeller.bz\/tischler\/wp-content\/uploads\/2017\/04\/3_Sterne-1200x480.jpg 1200w, https:\/\/www.hoeller.bz\/tischler\/wp-content\/uploads\/2017\/04\/3_Sterne.jpg 1380w\" sizes=\"(max-width: 33px) 100vw, 33px\" \/> &#8211; St. Christina<\/span><\/p>\n<p><span style=\"color: #000000;\">Gasthaus Tauber &#8211; Albeins<\/span><\/p>\n<\/div><div class=\"fusion-clearfix\"><\/div><\/div><\/div><\/div><\/div>\n","protected":false},"excerpt":{"rendered":"","protected":false},"author":1,"featured_media":0,"parent":0,"menu_order":0,"comment_status":"closed","ping_status":"closed","template":"","meta":{"footnotes":""},"class_list":["post-18","page","type-page","status-publish","hentry"],"yoast_head":"<!-- This site is optimized with the Yoast SEO plugin v23.4 - https:\/\/yoast.com\/wordpress\/plugins\/seo\/ -->\n<title>Referenzen - Hoeller Anton<\/title>\n<meta name=\"robots\" content=\"index, follow, max-snippet:-1, max-image-preview:large, max-video-preview:-1\" \/>\n<link rel=\"canonical\" href=\"https:\/\/www.hoeller.bz\/tischler\/de\/referenzen\/\" \/>\n<meta property=\"og:locale\" content=\"de_DE\" \/>\n<meta property=\"og:type\" content=\"article\" \/>\n<meta property=\"og:title\" content=\"Referenzen - Hoeller Anton\" \/>\n<meta property=\"og:url\" content=\"https:\/\/www.hoeller.bz\/tischler\/de\/referenzen\/\" \/>\n<meta property=\"og:site_name\" content=\"Hoeller Anton\" \/>\n<meta property=\"article:modified_time\" content=\"2018-05-26T07:55:57+00:00\" \/>\n<meta property=\"og:image\" content=\"http:\/\/www.hoeller.bz\/tischler\/wp-content\/uploads\/2017\/04\/Download.png\" \/>\n<meta name=\"twitter:card\" content=\"summary_large_image\" \/>\n<meta name=\"twitter:label1\" content=\"Gesch\u00e4tzte Lesezeit\" \/>\n\t<meta name=\"twitter:data1\" content=\"1\u00a0Minute\" \/>\n<script type=\"application\/ld+json\" class=\"yoast-schema-graph\">{\"@context\":\"https:\/\/schema.org\",\"@graph\":[{\"@type\":\"WebPage\",\"@id\":\"https:\/\/www.hoeller.bz\/tischler\/de\/referenzen\/\",\"url\":\"https:\/\/www.hoeller.bz\/tischler\/de\/referenzen\/\",\"name\":\"Referenzen - Hoeller Anton\",\"isPartOf\":{\"@id\":\"https:\/\/www.hoeller.bz\/tischler\/#website\"},\"primaryImageOfPage\":{\"@id\":\"https:\/\/www.hoeller.bz\/tischler\/de\/referenzen\/#primaryimage\"},\"image\":{\"@id\":\"https:\/\/www.hoeller.bz\/tischler\/de\/referenzen\/#primaryimage\"},\"thumbnailUrl\":\"http:\/\/www.hoeller.bz\/tischler\/wp-content\/uploads\/2017\/04\/Download.png\",\"datePublished\":\"2017-03-27T07:25:30+00:00\",\"dateModified\":\"2018-05-26T07:55:57+00:00\",\"breadcrumb\":{\"@id\":\"https:\/\/www.hoeller.bz\/tischler\/de\/referenzen\/#breadcrumb\"},\"inLanguage\":\"de\",\"potentialAction\":[{\"@type\":\"ReadAction\",\"target\":[\"https:\/\/www.hoeller.bz\/tischler\/de\/referenzen\/\"]}]},{\"@type\":\"ImageObject\",\"inLanguage\":\"de\",\"@id\":\"https:\/\/www.hoeller.bz\/tischler\/de\/referenzen\/#primaryimage\",\"url\":\"http:\/\/www.hoeller.bz\/tischler\/wp-content\/uploads\/2017\/04\/Download.png\",\"contentUrl\":\"http:\/\/www.hoeller.bz\/tischler\/wp-content\/uploads\/2017\/04\/Download.png\"},{\"@type\":\"BreadcrumbList\",\"@id\":\"https:\/\/www.hoeller.bz\/tischler\/de\/referenzen\/#breadcrumb\",\"itemListElement\":[{\"@type\":\"ListItem\",\"position\":1,\"name\":\"Startseite\",\"item\":\"https:\/\/www.hoeller.bz\/tischler\/de\/home\/\"},{\"@type\":\"ListItem\",\"position\":2,\"name\":\"Referenzen\"}]},{\"@type\":\"WebSite\",\"@id\":\"https:\/\/www.hoeller.bz\/tischler\/#website\",\"url\":\"https:\/\/www.hoeller.bz\/tischler\/\",\"name\":\"Hoeller Anton\",\"description\":\"Tischler \/ Tischlerei\",\"potentialAction\":[{\"@type\":\"SearchAction\",\"target\":{\"@type\":\"EntryPoint\",\"urlTemplate\":\"https:\/\/www.hoeller.bz\/tischler\/?s={search_term_string}\"},\"query-input\":{\"@type\":\"PropertyValueSpecification\",\"valueRequired\":true,\"valueName\":\"search_term_string\"}}],\"inLanguage\":\"de\"}]}<\/script>\n<!-- \/ Yoast SEO plugin. -->","yoast_head_json":{"title":"Referenzen - Hoeller Anton","robots":{"index":"index","follow":"follow","max-snippet":"max-snippet:-1","max-image-preview":"max-image-preview:large","max-video-preview":"max-video-preview:-1"},"canonical":"https:\/\/www.hoeller.bz\/tischler\/de\/referenzen\/","og_locale":"de_DE","og_type":"article","og_title":"Referenzen - Hoeller Anton","og_url":"https:\/\/www.hoeller.bz\/tischler\/de\/referenzen\/","og_site_name":"Hoeller Anton","article_modified_time":"2018-05-26T07:55:57+00:00","og_image":[{"url":"http:\/\/www.hoeller.bz\/tischler\/wp-content\/uploads\/2017\/04\/Download.png"}],"twitter_card":"summary_large_image","twitter_misc":{"Gesch\u00e4tzte Lesezeit":"1\u00a0Minute"},"schema":{"@context":"https:\/\/schema.org","@graph":[{"@type":"WebPage","@id":"https:\/\/www.hoeller.bz\/tischler\/de\/referenzen\/","url":"https:\/\/www.hoeller.bz\/tischler\/de\/referenzen\/","name":"Referenzen - Hoeller Anton","isPartOf":{"@id":"https:\/\/www.hoeller.bz\/tischler\/#website"},"primaryImageOfPage":{"@id":"https:\/\/www.hoeller.bz\/tischler\/de\/referenzen\/#primaryimage"},"image":{"@id":"https:\/\/www.hoeller.bz\/tischler\/de\/referenzen\/#primaryimage"},"thumbnailUrl":"http:\/\/www.hoeller.bz\/tischler\/wp-content\/uploads\/2017\/04\/Download.png","datePublished":"2017-03-27T07:25:30+00:00","dateModified":"2018-05-26T07:55:57+00:00","breadcrumb":{"@id":"https:\/\/www.hoeller.bz\/tischler\/de\/referenzen\/#breadcrumb"},"inLanguage":"de","potentialAction":[{"@type":"ReadAction","target":["https:\/\/www.hoeller.bz\/tischler\/de\/referenzen\/"]}]},{"@type":"ImageObject","inLanguage":"de","@id":"https:\/\/www.hoeller.bz\/tischler\/de\/referenzen\/#primaryimage","url":"http:\/\/www.hoeller.bz\/tischler\/wp-content\/uploads\/2017\/04\/Download.png","contentUrl":"http:\/\/www.hoeller.bz\/tischler\/wp-content\/uploads\/2017\/04\/Download.png"},{"@type":"BreadcrumbList","@id":"https:\/\/www.hoeller.bz\/tischler\/de\/referenzen\/#breadcrumb","itemListElement":[{"@type":"ListItem","position":1,"name":"Startseite","item":"https:\/\/www.hoeller.bz\/tischler\/de\/home\/"},{"@type":"ListItem","position":2,"name":"Referenzen"}]},{"@type":"WebSite","@id":"https:\/\/www.hoeller.bz\/tischler\/#website","url":"https:\/\/www.hoeller.bz\/tischler\/","name":"Hoeller Anton","description":"Tischler \/ Tischlerei","potentialAction":[{"@type":"SearchAction","target":{"@type":"EntryPoint","urlTemplate":"https:\/\/www.hoeller.bz\/tischler\/?s={search_term_string}"},"query-input":{"@type":"PropertyValueSpecification","valueRequired":true,"valueName":"search_term_string"}}],"inLanguage":"de"}]}},"_links":{"self":[{"href":"https:\/\/www.hoeller.bz\/tischler\/wp-json\/wp\/v2\/pages\/18"}],"collection":[{"href":"https:\/\/www.hoeller.bz\/tischler\/wp-json\/wp\/v2\/pages"}],"about":[{"href":"https:\/\/www.hoeller.bz\/tischler\/wp-json\/wp\/v2\/types\/page"}],"author":[{"embeddable":true,"href":"https:\/\/www.hoeller.bz\/tischler\/wp-json\/wp\/v2\/users\/1"}],"replies":[{"embeddable":true,"href":"https:\/\/www.hoeller.bz\/tischler\/wp-json\/wp\/v2\/comments?post=18"}],"version-history":[{"count":11,"href":"https:\/\/www.hoeller.bz\/tischler\/wp-json\/wp\/v2\/pages\/18\/revisions"}],"predecessor-version":[{"id":504,"href":"https:\/\/www.hoeller.bz\/tischler\/wp-json\/wp\/v2\/pages\/18\/revisions\/504"}],"wp:attachment":[{"href":"https:\/\/www.hoeller.bz\/tischler\/wp-json\/wp\/v2\/media?parent=18"}],"curies":[{"name":"wp","href":"https:\/\/api.w.org\/{rel}","templated":true}]}}